{"id":413,"date":"2023-10-22T14:43:18","date_gmt":"2023-10-22T12:43:18","guid":{"rendered":"https:\/\/atrakcjemazury.pl\/angebot\/yacht-cruise\/"},"modified":"2023-11-20T14:45:40","modified_gmt":"2023-11-20T13:45:40","slug":"yacht-cruise","status":"publish","type":"page","link":"https:\/\/atrakcjemazury.pl\/de\/angebot\/yacht-cruise\/","title":{"rendered":"Yacht-Kreuzfahrt"},"content":{"rendered":"<p>Je\u015bli kiedykolwiek sterowa\u0142e\u015b jachtem, masz cho\u0107 minimalne do\u015bwiadczenie to mo\u017cesz wynaj\u0105\u0107 jacht bez sternika, nie wymagamy patentu. Po zam\u00f3wieniu pakietu dostaniesz od nas film szkoleniowy, w kt\u00f3rym krok po kroku nauczysz si\u0119 jak obs\u0142ugiwa\u0107 konkretnie ten jacht Stillo 30. Ponadto przed wyp\u0142yni\u0119ciem wszystko jeszcze b\u0119dziesz m\u00f3g\u0142 om\u00f3wi\u0107 z naszym sternikiem, kt\u00f3ry rozwieje wszelkie w\u0105tpliwo\u015bci. Mo\u017cesz te\u017c chwil\u0119 z nim pop\u0142ywa\u0107 \u017ceby prze\u0107wiczy\u0107 u\u017cywanie ster\u00f3w strumieniowych i cumowanie. Je\u015bli jednak nie chcesz si\u0119 niczym stresowa\u0107 i po prostu odpocz\u0105\u0107 z rodzin\u0105 czy przyjaci\u00f3\u0142mi oddaj ca\u0142\u0105 obs\u0142ug\u0119 jachtu naszemu do\u015bwiadczonemu sternikowi. Wsp\u00f3lnie ustalicie gdzie chcecie pop\u0142yn\u0105\u0107, skorzystacie te\u017c z jego znajomo\u015bci Mazur, pi\u0119knych miejsc oraz restauracji i tawern z pysznym lokalnym jedzeniem. Mo\u017cesz wybra\u0107 kr\u00f3tki minirejsik 1-dniowy lub pozna\u0107 Mazury bli\u017cej i zrelaksowa\u0107 si\u0119 bardziej wybieraj\u0105c opcj\u0119 7-dniowego rejsu na Mazurach ze sternikiem lub tygodniowego rejsu bez sternika.<\/p>\n<p><strong>Jacht motorowy Stillo 30<\/strong><\/p>\n<p>Jachtem Stillo 30 mo\u017cesz wybra\u0107 si\u0119 w romantyczny rejs we dwoje, mo\u017cesz te\u017c zebra\u0107 wi\u0119ksz\u0105 za\u0142og\u0119. Jacht ma 3 zamykane sypialnie dwuosobowe, wi\u0119c w pe\u0142nym komforcie mo\u017ce nocowa\u0107 tam 6 os\u00f3b. Je\u015bli wybierzesz rejs 1-dniowy bez noclegu to spokojnie mo\u017cesz zabra\u0107 na pok\u0142ad nawet 8 os\u00f3b.<\/p>\n<p>Szerokie p\u00f3\u0142pok\u0142ady z relingami na ca\u0142ym obwodzie, obszerny kokpit, \u0142atwo dost\u0119pne platformy k\u0105pielowe oraz przemy\u015blane detale wn\u0119trza zapewniaj\u0105 wysok\u0105 wygod\u0119 u\u017cytkownikom, sprawdzi si\u0119 tek\u017ce dla rodzin z dzie\u0107mi czy os\u00f3b starszych.<\/p>\n<p>Na jachcie jest aneks kuchenny wyposa\u017cony w kuchenk\u0119 gazow\u0105, lod\u00f3wk\u0119 elektryczn\u0105, zlew oraz wygodny st\u00f3\u0142 przy kt\u00f3rym ca\u0142a za\u0142oga mo\u017ce si\u0119 spotka\u0107 na wsp\u00f3lnym posi\u0142ku. Kabina WC na jachcie wyposa\u017cona jest w toalet\u0119 morsk\u0105, zlew i prysznic z ciep\u0142\u0105 i zimn\u0105 wod\u0105.<\/p>\n<p>Sterowanie, a szczeg\u00f3lnie manewry portowe znacznie u\u0142atwiaj\u0105 dwa stery strumieniowe, sternikowi przyda si\u0119 tak\u017ce echosonda, kt\u00f3ra pomo\u017ce omin\u0105\u0107 potencjalne niebezpiecze\u0144stwa na szlaku. Pok\u0142ad s\u0142oneczny z wygodnym materacem zapewni mo\u017cliwo\u015b\u0107 prawdziwego relaksu, a pe\u0142ne bimini w kokpicie os\u0142oni przed deszczem, wiatrem czy zbyt ra\u017c\u0105cym s\u0142o\u0144cem.<\/p>\n<p>Je\u015bli zdecyduj\u0105 si\u0119 Pa\u0144stwo na po\u0142\u0105czenie rejsu z wycieczkami rowerowymi to na pok\u0142adzie jachtu jest mo\u017cliwo\u015b\u0107 za\u0142o\u017cenia uchwyt\u00f3w i komfortowego zamontowania 2 rower\u00f3w. Je\u015bli zaistnieje potrzeba przewo\u017cenia wi\u0119kszej ilo\u015bci rower\u00f3w prosimy o kontakt przed rejsem.<\/p>\n","protected":false},"excerpt":{"rendered":"<p>Je\u015bli kiedykolwiek sterowa\u0142e\u015b jachtem, masz cho\u0107 minimalne do\u015bwiadczenie to mo\u017cesz wynaj\u0105\u0107 jacht bez sternika, nie wymagamy patentu. Po zam\u00f3wieniu pakietu dostaniesz od nas film szkoleniowy, w kt\u00f3rym krok po kroku nauczysz si\u0119 jak obs\u0142ugiwa\u0107 konkretnie ten jacht Stillo 30. Ponadto przed wyp\u0142yni\u0119ciem wszystko jeszcze b\u0119dziesz m\u00f3g\u0142 om\u00f3wi\u0107 z naszym sternikiem, kt\u00f3ry rozwieje wszelkie w\u0105tpliwo\u015bci. Mo\u017cesz [&hellip;]<\/p>\n","protected":false},"author":1,"featured_media":0,"parent":396,"menu_order":0,"comment_status":"closed","ping_status":"closed","template":"tpl-page-offer-single.php","meta":{"footnotes":""},"class_list":["post-413","page","type-page","status-publish","hentry"],"acf":[],"yoast_head":"<!-- This site is optimized with the Yoast SEO plugin v21.4 - https:\/\/yoast.com\/wordpress\/plugins\/seo\/ -->\n<title>Yacht-Kreuzfahrt - Atrakcje Mazury<\/title>\n<meta name=\"robots\" content=\"index, follow, max-snippet:-1, max-image-preview:large, max-video-preview:-1\" \/>\n<link rel=\"canonical\" href=\"https:\/\/atrakcjemazury.pl\/de\/angebot\/yacht-cruise\/\" \/>\n<meta property=\"og:locale\" content=\"de_DE\" \/>\n<meta property=\"og:type\" content=\"article\" \/>\n<meta property=\"og:title\" content=\"Yacht-Kreuzfahrt - Atrakcje Mazury\" \/>\n<meta property=\"og:description\" content=\"Je\u015bli kiedykolwiek sterowa\u0142e\u015b jachtem, masz cho\u0107 minimalne do\u015bwiadczenie to mo\u017cesz wynaj\u0105\u0107 jacht bez sternika, nie wymagamy patentu. Po zam\u00f3wieniu pakietu dostaniesz od nas film szkoleniowy, w kt\u00f3rym krok po kroku nauczysz si\u0119 jak obs\u0142ugiwa\u0107 konkretnie ten jacht Stillo 30. Ponadto przed wyp\u0142yni\u0119ciem wszystko jeszcze b\u0119dziesz m\u00f3g\u0142 om\u00f3wi\u0107 z naszym sternikiem, kt\u00f3ry rozwieje wszelkie w\u0105tpliwo\u015bci. Mo\u017cesz [&hellip;]\" \/>\n<meta property=\"og:url\" content=\"https:\/\/atrakcjemazury.pl\/de\/angebot\/yacht-cruise\/\" \/>\n<meta property=\"og:site_name\" content=\"Atrakcje Mazury\" \/>\n<meta property=\"article:modified_time\" content=\"2023-11-20T13:45:40+00:00\" \/>\n<meta name=\"twitter:card\" content=\"summary_large_image\" \/>\n<meta name=\"twitter:label1\" content=\"Gesch\u00e4tzte Lesezeit\" \/>\n\t<meta name=\"twitter:data1\" content=\"3\u00a0Minuten\" \/>\n<script type=\"application\/ld+json\" class=\"yoast-schema-graph\">{\"@context\":\"https:\/\/schema.org\",\"@graph\":[{\"@type\":\"WebPage\",\"@id\":\"https:\/\/atrakcjemazury.pl\/de\/angebot\/yacht-cruise\/\",\"url\":\"https:\/\/atrakcjemazury.pl\/de\/angebot\/yacht-cruise\/\",\"name\":\"Yacht-Kreuzfahrt - Atrakcje Mazury\",\"isPartOf\":{\"@id\":\"https:\/\/atrakcjemazury.pl\/#website\"},\"datePublished\":\"2023-10-22T12:43:18+00:00\",\"dateModified\":\"2023-11-20T13:45:40+00:00\",\"breadcrumb\":{\"@id\":\"https:\/\/atrakcjemazury.pl\/de\/angebot\/yacht-cruise\/#breadcrumb\"},\"inLanguage\":\"de\",\"potentialAction\":[{\"@type\":\"ReadAction\",\"target\":[\"https:\/\/atrakcjemazury.pl\/de\/angebot\/yacht-cruise\/\"]}]},{\"@type\":\"BreadcrumbList\",\"@id\":\"https:\/\/atrakcjemazury.pl\/de\/angebot\/yacht-cruise\/#breadcrumb\",\"itemListElement\":[{\"@type\":\"ListItem\",\"position\":1,\"name\":\"Home\",\"item\":\"https:\/\/atrakcjemazury.pl\/de\/\"},{\"@type\":\"ListItem\",\"position\":2,\"name\":\"Angebot\",\"item\":\"https:\/\/atrakcjemazury.pl\/de\/angebot\/\"},{\"@type\":\"ListItem\",\"position\":3,\"name\":\"Yacht-Kreuzfahrt\"}]},{\"@type\":\"WebSite\",\"@id\":\"https:\/\/atrakcjemazury.pl\/#website\",\"url\":\"https:\/\/atrakcjemazury.pl\/\",\"name\":\"Atrakcje Mazury\",\"description\":\"\",\"potentialAction\":[{\"@type\":\"SearchAction\",\"target\":{\"@type\":\"EntryPoint\",\"urlTemplate\":\"https:\/\/atrakcjemazury.pl\/?s={search_term_string}\"},\"query-input\":\"required name=search_term_string\"}],\"inLanguage\":\"de\"}]}<\/script>\n<!-- \/ Yoast SEO plugin. -->","yoast_head_json":{"title":"Yacht-Kreuzfahrt - Atrakcje Mazury","robots":{"index":"index","follow":"follow","max-snippet":"max-snippet:-1","max-image-preview":"max-image-preview:large","max-video-preview":"max-video-preview:-1"},"canonical":"https:\/\/atrakcjemazury.pl\/de\/angebot\/yacht-cruise\/","og_locale":"de_DE","og_type":"article","og_title":"Yacht-Kreuzfahrt - Atrakcje Mazury","og_description":"Je\u015bli kiedykolwiek sterowa\u0142e\u015b jachtem, masz cho\u0107 minimalne do\u015bwiadczenie to mo\u017cesz wynaj\u0105\u0107 jacht bez sternika, nie wymagamy patentu. Po zam\u00f3wieniu pakietu dostaniesz od nas film szkoleniowy, w kt\u00f3rym krok po kroku nauczysz si\u0119 jak obs\u0142ugiwa\u0107 konkretnie ten jacht Stillo 30. Ponadto przed wyp\u0142yni\u0119ciem wszystko jeszcze b\u0119dziesz m\u00f3g\u0142 om\u00f3wi\u0107 z naszym sternikiem, kt\u00f3ry rozwieje wszelkie w\u0105tpliwo\u015bci. Mo\u017cesz [&hellip;]","og_url":"https:\/\/atrakcjemazury.pl\/de\/angebot\/yacht-cruise\/","og_site_name":"Atrakcje Mazury","article_modified_time":"2023-11-20T13:45:40+00:00","twitter_card":"summary_large_image","twitter_misc":{"Gesch\u00e4tzte Lesezeit":"3\u00a0Minuten"},"schema":{"@context":"https:\/\/schema.org","@graph":[{"@type":"WebPage","@id":"https:\/\/atrakcjemazury.pl\/de\/angebot\/yacht-cruise\/","url":"https:\/\/atrakcjemazury.pl\/de\/angebot\/yacht-cruise\/","name":"Yacht-Kreuzfahrt - Atrakcje Mazury","isPartOf":{"@id":"https:\/\/atrakcjemazury.pl\/#website"},"datePublished":"2023-10-22T12:43:18+00:00","dateModified":"2023-11-20T13:45:40+00:00","breadcrumb":{"@id":"https:\/\/atrakcjemazury.pl\/de\/angebot\/yacht-cruise\/#breadcrumb"},"inLanguage":"de","potentialAction":[{"@type":"ReadAction","target":["https:\/\/atrakcjemazury.pl\/de\/angebot\/yacht-cruise\/"]}]},{"@type":"BreadcrumbList","@id":"https:\/\/atrakcjemazury.pl\/de\/angebot\/yacht-cruise\/#breadcrumb","itemListElement":[{"@type":"ListItem","position":1,"name":"Home","item":"https:\/\/atrakcjemazury.pl\/de\/"},{"@type":"ListItem","position":2,"name":"Angebot","item":"https:\/\/atrakcjemazury.pl\/de\/angebot\/"},{"@type":"ListItem","position":3,"name":"Yacht-Kreuzfahrt"}]},{"@type":"WebSite","@id":"https:\/\/atrakcjemazury.pl\/#website","url":"https:\/\/atrakcjemazury.pl\/","name":"Atrakcje Mazury","description":"","potentialAction":[{"@type":"SearchAction","target":{"@type":"EntryPoint","urlTemplate":"https:\/\/atrakcjemazury.pl\/?s={search_term_string}"},"query-input":"required name=search_term_string"}],"inLanguage":"de"}]}},"_links":{"self":[{"href":"https:\/\/atrakcjemazury.pl\/de\/wp-json\/wp\/v2\/pages\/413","targetHints":{"allow":["GET"]}}],"collection":[{"href":"https:\/\/atrakcjemazury.pl\/de\/wp-json\/wp\/v2\/pages"}],"about":[{"href":"https:\/\/atrakcjemazury.pl\/de\/wp-json\/wp\/v2\/types\/page"}],"author":[{"embeddable":true,"href":"https:\/\/atrakcjemazury.pl\/de\/wp-json\/wp\/v2\/users\/1"}],"replies":[{"embeddable":true,"href":"https:\/\/atrakcjemazury.pl\/de\/wp-json\/wp\/v2\/comments?post=413"}],"version-history":[{"count":2,"href":"https:\/\/atrakcjemazury.pl\/de\/wp-json\/wp\/v2\/pages\/413\/revisions"}],"predecessor-version":[{"id":415,"href":"https:\/\/atrakcjemazury.pl\/de\/wp-json\/wp\/v2\/pages\/413\/revisions\/415"}],"up":[{"embeddable":true,"href":"https:\/\/atrakcjemazury.pl\/de\/wp-json\/wp\/v2\/pages\/396"}],"wp:attachment":[{"href":"https:\/\/atrakcjemazury.pl\/de\/wp-json\/wp\/v2\/media?parent=413"}],"curies":[{"name":"wp","href":"https:\/\/api.w.org\/{rel}","templated":true}]}}